{"id":1534,"date":"2025-04-04T19:20:52","date_gmt":"2025-04-04T19:20:52","guid":{"rendered":"https:\/\/myguide.at\/hr\/?page_id=1534"},"modified":"2025-11-19T06:00:27","modified_gmt":"2025-11-19T06:00:27","slug":"impressum","status":"publish","type":"page","link":"https:\/\/myguide.at\/hr\/impressum\/","title":{"rendered":"Impressum"},"content":{"rendered":"\t\t<div data-elementor-type=\"wp-page\" data-elementor-id=\"1534\" class=\"elementor elementor-1534\" data-elementor-post-type=\"page\">\n\t\t\t\t\t\t<section class=\"elementor-section elementor-top-section elementor-element elementor-element-902d289 elementor-section-height-min-height elementor-section-items-bottom elementor-section-boxed elementor-section-height-default\" data-id=\"902d289\" data-element_type=\"section\" data-settings=\"{&quot;background_background&quot;:&quot;classic&quot;,&quot;shape_divider_bottom&quot;:&quot;pyramids&quot;}\">\n\t\t\t\t\t\t\t<div class=\"elementor-background-overlay\"><\/div>\n\t\t\t\t\t\t<div class=\"elementor-shape elementor-shape-bottom\" data-negative=\"false\">\n\t\t\t<svg xmlns=\"http:\/\/www.w3.org\/2000\/svg\" viewBox=\"0 0 1000 100\" preserveAspectRatio=\"none\">\n\t<path class=\"elementor-shape-fill\" d=\"M761.9,44.1L643.1,27.2L333.8,98L0,3.8V0l1000,0v3.9\"\/>\n<\/svg>\t\t<\/div>\n\t\t\t\t\t<div class=\"elementor-container elementor-column-gap-default\">\n\t\t\t\t\t<div class=\"elementor-column elementor-col-50 elementor-top-column elementor-element elementor-element-9f4cd3e\" data-id=\"9f4cd3e\" data-element_type=\"column\">\n\t\t\t<div class=\"elementor-widget-wrap elementor-element-populated\">\n\t\t\t\t\t\t<div class=\"elementor-element elementor-element-cfd4a54 elementor-widget elementor-widget-heading\" data-id=\"cfd4a54\" data-element_type=\"widget\" data-widget_type=\"heading.default\">\n\t\t\t\t<div class=\"elementor-widget-container\">\n\t\t\t\t\t<h3 class=\"elementor-heading-title elementor-size-default\">Impressum<\/h3>\t\t\t\t<\/div>\n\t\t\t\t<\/div>\n\t\t\t\t<div class=\"elementor-element elementor-element-7f367cb elementor-widget__width-initial elementor-widget elementor-widget-heading\" data-id=\"7f367cb\" data-element_type=\"widget\" data-widget_type=\"heading.default\">\n\t\t\t\t<div class=\"elementor-widget-container\">\n\t\t\t\t\t<span class=\"elementor-heading-title elementor-size-default\">Transparentnost i odgovornost su u sredi\u0161tu svega \u0161to radimo. Ovaj impressum osigurava uskla\u0111enost s austrijskim zakonima i slu\u017ei kao jamstvo odgovornosti i integriteta.<\/span>\t\t\t\t<\/div>\n\t\t\t\t<\/div>\n\t\t\t\t\t<\/div>\n\t\t<\/div>\n\t\t\t\t<div class=\"elementor-column elementor-col-50 elementor-top-column elementor-element elementor-element-b5d0f09\" data-id=\"b5d0f09\" data-element_type=\"column\">\n\t\t\t<div class=\"elementor-widget-wrap\">\n\t\t\t\t\t\t\t<\/div>\n\t\t<\/div>\n\t\t\t\t\t<\/div>\n\t\t<\/section>\n\t\t\t\t<section class=\"elementor-section elementor-top-section elementor-element elementor-element-6152b0e elementor-section-boxed elementor-section-height-default elementor-section-height-default\" data-id=\"6152b0e\" data-element_type=\"section\" data-settings=\"{&quot;background_background&quot;:&quot;classic&quot;,&quot;shape_divider_top&quot;:&quot;pyramids&quot;}\">\n\t\t\t\t\t<div class=\"elementor-shape elementor-shape-top\" data-negative=\"false\">\n\t\t\t<svg xmlns=\"http:\/\/www.w3.org\/2000\/svg\" viewBox=\"0 0 1000 100\" preserveAspectRatio=\"none\">\n\t<path class=\"elementor-shape-fill\" d=\"M761.9,44.1L643.1,27.2L333.8,98L0,3.8V0l1000,0v3.9\"\/>\n<\/svg>\t\t<\/div>\n\t\t\t\t\t<div class=\"elementor-container elementor-column-gap-default\">\n\t\t\t\t\t<div class=\"elementor-column elementor-col-100 elementor-top-column elementor-element elementor-element-0a4509b\" data-id=\"0a4509b\" data-element_type=\"column\">\n\t\t\t<div class=\"elementor-widget-wrap elementor-element-populated\">\n\t\t\t\t\t\t<section class=\"elementor-section elementor-inner-section elementor-element elementor-element-34e900b elementor-section-boxed elementor-section-height-default elementor-section-height-default\" data-id=\"34e900b\" data-element_type=\"section\">\n\t\t\t\t\t\t<div class=\"elementor-container elementor-column-gap-default\">\n\t\t\t\t\t<div class=\"elementor-column elementor-col-100 elementor-inner-column elementor-element elementor-element-77f13fc\" data-id=\"77f13fc\" data-element_type=\"column\">\n\t\t\t<div class=\"elementor-widget-wrap elementor-element-populated\">\n\t\t\t\t\t\t<div class=\"elementor-element elementor-element-0186282 elementor-widget elementor-widget-text-editor\" data-id=\"0186282\" data-element_type=\"widget\" data-widget_type=\"text-editor.default\">\n\t\t\t\t<div class=\"elementor-widget-container\">\n\t\t\t\t\t\t\t\t\t<p><strong>Ime:<\/strong> Antonija Recnik<br \/><strong>Adresa:<\/strong> Alser Stra\u00dfe 45, 1080 Wien, Austrija<\/p><p>Alser Str. 45<br \/>1080 Wien<br \/><strong>Telefon:<\/strong> <a href=\"tel:+436607721053\">+43 660 772 10 53<\/a><br \/><strong>E-mail:<\/strong> <a href=\"mailto:antonija.recnik@gmail.com\">antonija.recnik@gmail.com<\/a><br \/><strong>Porezni broj:<\/strong> 073735177<\/p><p><strong>Nadle\u017eno tijelo:<\/strong> Finanzamt Wien (Porezni ured Be\u010d)<br \/><strong>Odgovorna osoba za sadr\u017eaj:<\/strong> Antonija Recnik<\/p><p>Sadr\u017eaj na ovoj web stranici izra\u0111en je s najve\u0107om pa\u017enjom. Me\u0111utim, ne mo\u017eemo jam\u010diti to\u010dnost, potpunost ili a\u017euriranost pru\u017eenih informacija.<\/p><p><strong>Autorska prava:<\/strong><br \/>Sav sadr\u017eaj (tekstovi, slike, dizajn) na ovoj web stranici za\u0161ti\u0107en je autorskim pravima. Svako kori\u0161tenje izvan okvira autorskog prava zahtijeva pismeno odobrenje Antonije Recnik.<\/p>\t\t\t\t\t\t\t\t<\/div>\n\t\t\t\t<\/div>\n\t\t\t\t\t<\/div>\n\t\t<\/div>\n\t\t\t\t\t<\/div>\n\t\t<\/section>\n\t\t\t\t\t<\/div>\n\t\t<\/div>\n\t\t\t\t\t<\/div>\n\t\t<\/section>\n\t\t\t\t<\/div>\n\t\t","protected":false},"excerpt":{"rendered":"<p>Impressum Transparentnost i odgovornost su u sredi\u0161tu svega \u0161to radimo. Ovaj impressum osigurava uskla\u0111enost s austrijskim zakonima i slu\u017ei kao jamstvo odgovornosti i integriteta. Ime: Antonija RecnikAdresa: Alser Stra\u00dfe 45,&#8230;<\/p>\n","protected":false},"author":1,"featured_media":0,"parent":0,"menu_order":0,"comment_status":"closed","ping_status":"closed","template":"","meta":{"_EventAllDay":false,"_EventTimezone":"","_EventStartDate":"","_EventEndDate":"","_EventStartDateUTC":"","_EventEndDateUTC":"","_EventShowMap":false,"_EventShowMapLink":false,"_EventURL":"","_EventCost":"","_EventCostDescription":"","_EventCurrencySymbol":"","_EventCurrencyCode":"","_EventCurrencyPosition":"","_EventDateTimeSeparator":"","_EventTimeRangeSeparator":"","_EventOrganizerID":[],"_EventVenueID":[],"_OrganizerEmail":"","_OrganizerPhone":"","_OrganizerWebsite":"","_VenueAddress":"","_VenueCity":"","_VenueCountry":"","_VenueProvince":"","_VenueState":"","_VenueZip":"","_VenuePhone":"","_VenueURL":"","_VenueStateProvince":"","_VenueLat":"","_VenueLng":"","_VenueShowMap":false,"_VenueShowMapLink":false,"_kadence_starter_templates_imported_post":true,"_kad_post_transparent":"","_kad_post_title":"hide","_kad_post_layout":"fullwidth","_kad_post_sidebar_id":"","_kad_post_content_style":"unboxed","_kad_post_vertical_padding":"hide","_kad_post_feature":"hide","_kad_post_feature_position":"","_kad_post_header":false,"_kad_post_footer":false,"footnotes":""},"class_list":["post-1534","page","type-page","status-publish","hentry"],"_links":{"self":[{"href":"https:\/\/myguide.at\/hr\/wp-json\/wp\/v2\/pages\/1534","targetHints":{"allow":["GET"]}}],"collection":[{"href":"https:\/\/myguide.at\/hr\/wp-json\/wp\/v2\/pages"}],"about":[{"href":"https:\/\/myguide.at\/hr\/wp-json\/wp\/v2\/types\/page"}],"author":[{"embeddable":true,"href":"https:\/\/myguide.at\/hr\/wp-json\/wp\/v2\/users\/1"}],"replies":[{"embeddable":true,"href":"https:\/\/myguide.at\/hr\/wp-json\/wp\/v2\/comments?post=1534"}],"version-history":[{"count":22,"href":"https:\/\/myguide.at\/hr\/wp-json\/wp\/v2\/pages\/1534\/revisions"}],"predecessor-version":[{"id":1658,"href":"https:\/\/myguide.at\/hr\/wp-json\/wp\/v2\/pages\/1534\/revisions\/1658"}],"wp:attachment":[{"href":"https:\/\/myguide.at\/hr\/wp-json\/wp\/v2\/media?parent=1534"}],"curies":[{"name":"wp","href":"https:\/\/api.w.org\/{rel}","templated":true}]}}